{"id":274,"date":"2019-08-14T14:02:18","date_gmt":"2019-08-14T12:02:18","guid":{"rendered":"http:\/\/www.lacombe-a-laigle.eu\/?page_id=274"},"modified":"2024-09-22T18:36:57","modified_gmt":"2024-09-22T16:36:57","slug":"localisation","status":"publish","type":"page","link":"https:\/\/www.lacombe-a-laigle.eu\/en\/le-chalet\/localisation\/","title":{"rendered":"Localisation"},"content":{"rendered":"<p>La combe \u00e0 l\u2019Aigle se site dans le hameau du Magnier \u00e0 la sortie du village sur la route des Saisies.<\/p>\n\n\n\n<p>Le remont\u00e9e m\u00e9canique la plus proche est le t\u00e9l\u00e9ski des \u201cReys\u201d situ\u00e9 en face de l\u2019h\u00f4tel le Caprice des Neiges \u00e0 environ 750 m\u00e8tres du chalet.<\/p>\n\n\n\n<p>Un retour ski aux pieds est possible pour les bons skieurs (hors piste depuis le t\u00e9l\u00e9ski \u201cCrestera\u201d).<\/p>\n\n\n\n<h4 class=\"wp-block-heading\">Adresse<\/h4>\n\n\n\n<p>Le Magnier<br>241 Chemin du Cougnet<br>73590 Crest-Voland<\/p>\n\n\n\n<h4 class=\"wp-block-heading\">Sur la Carte<\/h4>\n\n\n<style type=\"text\/css\" id=\"umsMapStyles_3_62643\">\r\n    #ultimate_maps_3_62643 {\r\n        width: 100%;\r\n        height: 500px;\r\n                border: 0px solid ;\r\n        margin: 0px;\r\n    }\r\n    #mapsControlsNum_3_62643 {\r\n        width:100%    }\r\n    .umsMapDetailsContainer#umsMapDetailsContainer_3_62643 {\r\n        height:500px;\r\n    }\r\n    .ums_MapPreview#ultimate_maps_3_62643 {\r\n        \/*position:absolute;*\/\r\n        width:100%;\r\n    }\r\n    #mapConElem_3_62643{\r\n        width:100%    }\r\n    <\/style><div class=\"ums_map_opts\" id=\"mapConElem_3_62643\" data-id=\"3\" data-view-id=\"3_62643\" > <div class=\"umsMapDetailsContainer\" id=\"umsMapDetailsContainer_3_62643\"> <i class=\"umsKMLLayersPreloader fa fa-spinner fa-spin\" aria-hidden=\"true\" style=\"display: none;\"><\/i> <div class=\"ums_MapPreview\" id=\"ultimate_maps_3_62643\"><\/div> <\/div> <div class=\"umsMapMarkerFilters\" id=\"umsMapMarkerFilters_3_62643\"> <\/div> <div class=\"umsMapProControlsCon\" id=\"umsMapProControlsCon_3_62643\"> <a title=\"WordPress Map Plugin\" style=\"display:none;\" href=\"https:\/\/supsystic.com\/plugins\/google-maps-plugin\/?utm_medium=love_link_hide\" target=\"_blank\">WordPress Map Plugin<\/a><div style=\"clear: both;\"><\/div> <\/div> <div class=\"umsMapProDirectionsCon\" id=\"umsMapProDirectionsCon_3_62643\" > <\/div> <div class=\"umsMapProKmlFilterCon\" id=\"umsMapProKmlFilterCon_3_62643\" > <\/div> <div class=\"umsSocialSharingShell umsSocialSharingShell_3_62643\"> <\/div> <div style=\"clear: both;\"><\/div> <\/div>","protected":false},"excerpt":{"rendered":"<p>La combe \u00e0 l\u2019Aigle se site dans le hameau du Magnier \u00e0 la sortie du village sur la route des&hellip;<\/p>","protected":false},"author":1,"featured_media":0,"parent":8,"menu_order":0,"comment_status":"closed","ping_status":"closed","template":"","meta":{"advanced_seo_description":"","jetpack_seo_html_title":"","jetpack_seo_noindex":false,"jetpack_post_was_ever_published":false,"footnotes":""},"class_list":["post-274","page","type-page","status-publish","hentry"],"jetpack_sharing_enabled":true,"jetpack_shortlink":"https:\/\/wp.me\/P5ohFx-4q","jetpack-related-posts":[],"jetpack_likes_enabled":true,"_links":{"self":[{"href":"https:\/\/www.lacombe-a-laigle.eu\/en\/wp-json\/wp\/v2\/pages\/274","targetHints":{"allow":["GET"]}}],"collection":[{"href":"https:\/\/www.lacombe-a-laigle.eu\/en\/wp-json\/wp\/v2\/pages"}],"about":[{"href":"https:\/\/www.lacombe-a-laigle.eu\/en\/wp-json\/wp\/v2\/types\/page"}],"author":[{"embeddable":true,"href":"https:\/\/www.lacombe-a-laigle.eu\/en\/wp-json\/wp\/v2\/users\/1"}],"replies":[{"embeddable":true,"href":"https:\/\/www.lacombe-a-laigle.eu\/en\/wp-json\/wp\/v2\/comments?post=274"}],"version-history":[{"count":6,"href":"https:\/\/www.lacombe-a-laigle.eu\/en\/wp-json\/wp\/v2\/pages\/274\/revisions"}],"predecessor-version":[{"id":816,"href":"https:\/\/www.lacombe-a-laigle.eu\/en\/wp-json\/wp\/v2\/pages\/274\/revisions\/816"}],"up":[{"embeddable":true,"href":"https:\/\/www.lacombe-a-laigle.eu\/en\/wp-json\/wp\/v2\/pages\/8"}],"wp:attachment":[{"href":"https:\/\/www.lacombe-a-laigle.eu\/en\/wp-json\/wp\/v2\/media?parent=274"}],"curies":[{"name":"wp","href":"https:\/\/api.w.org\/{rel}","templated":true}]}}