{"id":7,"date":"2019-02-20T11:59:52","date_gmt":"2019-02-20T09:59:52","guid":{"rendered":"http:\/\/www.lacombe-a-laigle.eu\/?page_id=7"},"modified":"2024-09-01T16:20:47","modified_gmt":"2024-09-01T14:20:47","slug":"accueil","status":"publish","type":"page","link":"https:\/\/www.lacombe-a-laigle.eu\/en\/","title":{"rendered":"Welcome to La Combe \u00e0 l'Aigle"},"content":{"rendered":"<p>A peaceful retreat nestled in the charming village of Crest-Voland, in the heart of the Val d\u2019Arly, between the majestic Aravis and Beaufortain mountain ranges, with breathtaking views of Mont Charvin.<\/p>\n\n\n\n<div class=\"wp-block-columns is-layout-flex wp-container-core-columns-is-layout-9d6595d7 wp-block-columns-is-layout-flex\">\n<div class=\"wp-block-column is-vertically-aligned-center is-layout-flow wp-block-column-is-layout-flow\" style=\"flex-basis:33.33%\"><div class=\"wp-block-image\">\n<figure class=\"alignleft size-medium\"><img data-recalc-dims=\"1\" loading=\"lazy\" decoding=\"async\" width=\"300\" height=\"225\" data-attachment-id=\"699\" data-permalink=\"https:\/\/www.lacombe-a-laigle.eu\/en\/accueil\/chalet-vue-chemin\/\" data-orig-file=\"https:\/\/i0.wp.com\/www.lacombe-a-laigle.eu\/wp-content\/uploads\/2024\/09\/Chalet-vue-chemin.jpg?fit=2016%2C1512&amp;ssl=1\" data-orig-size=\"2016,1512\" data-comments-opened=\"1\" data-image-meta=\"{&quot;aperture&quot;:&quot;1.6&quot;,&quot;credit&quot;:&quot;&quot;,&quot;camera&quot;:&quot;iPhone 12 Pro&quot;,&quot;caption&quot;:&quot;&quot;,&quot;created_timestamp&quot;:&quot;1722005586&quot;,&quot;copyright&quot;:&quot;&quot;,&quot;focal_length&quot;:&quot;4.2&quot;,&quot;iso&quot;:&quot;32&quot;,&quot;shutter_speed&quot;:&quot;0.00037299515106304&quot;,&quot;title&quot;:&quot;&quot;,&quot;orientation&quot;:&quot;1&quot;}\" data-image-title=\"Le chalet vu depuis le chemin du Cougnet\" data-image-description=\"\" data-image-caption=\"\" data-large-file=\"https:\/\/i0.wp.com\/www.lacombe-a-laigle.eu\/wp-content\/uploads\/2024\/09\/Chalet-vue-chemin.jpg?fit=688%2C516&amp;ssl=1\" src=\"https:\/\/i0.wp.com\/www.lacombe-a-laigle.eu\/wp-content\/uploads\/2024\/09\/Chalet-vue-chemin.jpg?resize=300%2C225&#038;ssl=1\" alt=\"\" class=\"wp-image-699\" srcset=\"https:\/\/i0.wp.com\/www.lacombe-a-laigle.eu\/wp-content\/uploads\/2024\/09\/Chalet-vue-chemin.jpg?resize=300%2C225&amp;ssl=1 300w, https:\/\/i0.wp.com\/www.lacombe-a-laigle.eu\/wp-content\/uploads\/2024\/09\/Chalet-vue-chemin.jpg?resize=1024%2C768&amp;ssl=1 1024w, https:\/\/i0.wp.com\/www.lacombe-a-laigle.eu\/wp-content\/uploads\/2024\/09\/Chalet-vue-chemin.jpg?resize=768%2C576&amp;ssl=1 768w, https:\/\/i0.wp.com\/www.lacombe-a-laigle.eu\/wp-content\/uploads\/2024\/09\/Chalet-vue-chemin.jpg?resize=1536%2C1152&amp;ssl=1 1536w, https:\/\/i0.wp.com\/www.lacombe-a-laigle.eu\/wp-content\/uploads\/2024\/09\/Chalet-vue-chemin.jpg?resize=16%2C12&amp;ssl=1 16w, https:\/\/i0.wp.com\/www.lacombe-a-laigle.eu\/wp-content\/uploads\/2024\/09\/Chalet-vue-chemin.jpg?resize=1600%2C1200&amp;ssl=1 1600w, https:\/\/i0.wp.com\/www.lacombe-a-laigle.eu\/wp-content\/uploads\/2024\/09\/Chalet-vue-chemin.jpg?w=2016&amp;ssl=1 2016w, https:\/\/i0.wp.com\/www.lacombe-a-laigle.eu\/wp-content\/uploads\/2024\/09\/Chalet-vue-chemin.jpg?w=1376&amp;ssl=1 1376w\" sizes=\"auto, (max-width: 300px) 100vw, 300px\" \/><\/figure><\/div><\/div>\n\n\n\n<div class=\"wp-block-column is-vertically-aligned-center is-layout-flow wp-block-column-is-layout-flow\" style=\"flex-basis:66.66%\">\n<p><strong>La Combe \u00e0 l\u2019Aigle<\/strong> invites you to experience an authentic and rejuvenating alpine getaway. Built in 1997, our family chalet is the perfect place to create unforgettable memories, surrounded by stunning landscapes and pristine nature. Whether you are passionate about outdoor activities, eager to savor the local cuisine, or simply looking for a peaceful place to relax, our chalet offers the perfect setting to experience the mountains in a unique way.<\/p>\n<\/div>\n<\/div>\n\n\n\n<div class=\"wp-block-columns is-layout-flex wp-container-core-columns-is-layout-9d6595d7 wp-block-columns-is-layout-flex\">\n<div class=\"wp-block-column is-vertically-aligned-center is-layout-flow wp-block-column-is-layout-flow\" style=\"flex-basis:66.66%\">\n<p><strong>In Winter<\/strong>, explore the vast ski area of Crest-Voland and the Espace Diamant, or enjoy the beautiful Nordic ski trails of Les Saisies, an Olympic site from the Albertville Games. You can also take advantage of numerous hiking trails, whether on foot or snowshoeing, for a complete immersion in a magical snowy landscape.<\/p>\n<\/div>\n\n\n\n<div class=\"wp-block-column is-vertically-aligned-center is-layout-flow wp-block-column-is-layout-flow\" style=\"flex-basis:33.33%\"><div class=\"wp-block-image\">\n<figure class=\"alignright size-large\"><img data-recalc-dims=\"1\" loading=\"lazy\" decoding=\"async\" width=\"688\" height=\"516\" data-attachment-id=\"697\" data-permalink=\"https:\/\/www.lacombe-a-laigle.eu\/en\/accueil\/default-3\/\" data-orig-file=\"https:\/\/i0.wp.com\/www.lacombe-a-laigle.eu\/wp-content\/uploads\/2024\/09\/Chalet-Hiver-Terrasse.jpg?fit=2000%2C1500&amp;ssl=1\" data-orig-size=\"2000,1500\" data-comments-opened=\"1\" data-image-meta=\"{&quot;aperture&quot;:&quot;2.8&quot;,&quot;credit&quot;:&quot;&quot;,&quot;camera&quot;:&quot;FC3170&quot;,&quot;caption&quot;:&quot;default&quot;,&quot;created_timestamp&quot;:&quot;1646215157&quot;,&quot;copyright&quot;:&quot;&quot;,&quot;focal_length&quot;:&quot;4.5&quot;,&quot;iso&quot;:&quot;100&quot;,&quot;shutter_speed&quot;:&quot;0.0013793103448276&quot;,&quot;title&quot;:&quot;default&quot;,&quot;orientation&quot;:&quot;1&quot;}\" data-image-title=\"\" data-image-description=\"\" data-image-caption=\"&lt;p&gt;default&lt;\/p&gt;\" data-large-file=\"https:\/\/i0.wp.com\/www.lacombe-a-laigle.eu\/wp-content\/uploads\/2024\/09\/Chalet-Hiver-Terrasse.jpg?fit=688%2C516&amp;ssl=1\" src=\"https:\/\/i0.wp.com\/www.lacombe-a-laigle.eu\/wp-content\/uploads\/2024\/09\/Chalet-Hiver-Terrasse.jpg?resize=688%2C516&#038;ssl=1\" alt=\"Vue du c\u00f4t\u00e9 de la terrasse expos\u00e9e du chalet en Hiver\" class=\"wp-image-697\" srcset=\"https:\/\/i0.wp.com\/www.lacombe-a-laigle.eu\/wp-content\/uploads\/2024\/09\/Chalet-Hiver-Terrasse.jpg?resize=1024%2C768&amp;ssl=1 1024w, https:\/\/i0.wp.com\/www.lacombe-a-laigle.eu\/wp-content\/uploads\/2024\/09\/Chalet-Hiver-Terrasse.jpg?resize=300%2C225&amp;ssl=1 300w, https:\/\/i0.wp.com\/www.lacombe-a-laigle.eu\/wp-content\/uploads\/2024\/09\/Chalet-Hiver-Terrasse.jpg?resize=768%2C576&amp;ssl=1 768w, https:\/\/i0.wp.com\/www.lacombe-a-laigle.eu\/wp-content\/uploads\/2024\/09\/Chalet-Hiver-Terrasse.jpg?resize=1536%2C1152&amp;ssl=1 1536w, https:\/\/i0.wp.com\/www.lacombe-a-laigle.eu\/wp-content\/uploads\/2024\/09\/Chalet-Hiver-Terrasse.jpg?resize=16%2C12&amp;ssl=1 16w, https:\/\/i0.wp.com\/www.lacombe-a-laigle.eu\/wp-content\/uploads\/2024\/09\/Chalet-Hiver-Terrasse.jpg?resize=1600%2C1200&amp;ssl=1 1600w, https:\/\/i0.wp.com\/www.lacombe-a-laigle.eu\/wp-content\/uploads\/2024\/09\/Chalet-Hiver-Terrasse.jpg?w=2000&amp;ssl=1 2000w, https:\/\/i0.wp.com\/www.lacombe-a-laigle.eu\/wp-content\/uploads\/2024\/09\/Chalet-Hiver-Terrasse.jpg?w=1376&amp;ssl=1 1376w\" sizes=\"auto, (max-width: 688px) 100vw, 688px\" \/><\/figure><\/div><\/div>\n<\/div>\n\n\n\n<figure class=\"wp-block-image alignwide size-large\"><img data-recalc-dims=\"1\" loading=\"lazy\" decoding=\"async\" width=\"688\" height=\"277\" data-attachment-id=\"700\" data-permalink=\"https:\/\/www.lacombe-a-laigle.eu\/en\/accueil\/default-5\/\" data-orig-file=\"https:\/\/i0.wp.com\/www.lacombe-a-laigle.eu\/wp-content\/uploads\/2024\/09\/Panorama-La-Magnier-Lachat-Charvin.jpeg?fit=1080%2C435&amp;ssl=1\" data-orig-size=\"1080,435\" data-comments-opened=\"1\" data-image-meta=\"{&quot;aperture&quot;:&quot;2.8&quot;,&quot;credit&quot;:&quot;&quot;,&quot;camera&quot;:&quot;FC3170&quot;,&quot;caption&quot;:&quot;default&quot;,&quot;created_timestamp&quot;:&quot;1709802050&quot;,&quot;copyright&quot;:&quot;&quot;,&quot;focal_length&quot;:&quot;4.5&quot;,&quot;iso&quot;:&quot;100&quot;,&quot;shutter_speed&quot;:&quot;0.0008&quot;,&quot;title&quot;:&quot;default&quot;,&quot;orientation&quot;:&quot;1&quot;}\" data-image-title=\"default\" data-image-description=\"&lt;p&gt;Panorama d&amp;rsquo;hiver sur le Magnier avec vue sur le Mont-Lachat, la cha\u00eene des Aravis et le Mont-Charvin&lt;\/p&gt;\" data-image-caption=\"&lt;p&gt;default&lt;\/p&gt;\" data-large-file=\"https:\/\/i0.wp.com\/www.lacombe-a-laigle.eu\/wp-content\/uploads\/2024\/09\/Panorama-La-Magnier-Lachat-Charvin.jpeg?fit=688%2C277&amp;ssl=1\" src=\"https:\/\/i0.wp.com\/www.lacombe-a-laigle.eu\/wp-content\/uploads\/2024\/09\/Panorama-La-Magnier-Lachat-Charvin.jpeg?resize=688%2C277&#038;ssl=1\" alt=\"Panorama d'hiver sur le Magnier avec vue sur le Mont-Lachat, la cha\u00eene des Aravis et le Mont-Charvin\" class=\"wp-image-700\" srcset=\"https:\/\/i0.wp.com\/www.lacombe-a-laigle.eu\/wp-content\/uploads\/2024\/09\/Panorama-La-Magnier-Lachat-Charvin.jpeg?resize=1024%2C412&amp;ssl=1 1024w, https:\/\/i0.wp.com\/www.lacombe-a-laigle.eu\/wp-content\/uploads\/2024\/09\/Panorama-La-Magnier-Lachat-Charvin.jpeg?resize=300%2C121&amp;ssl=1 300w, https:\/\/i0.wp.com\/www.lacombe-a-laigle.eu\/wp-content\/uploads\/2024\/09\/Panorama-La-Magnier-Lachat-Charvin.jpeg?resize=768%2C309&amp;ssl=1 768w, https:\/\/i0.wp.com\/www.lacombe-a-laigle.eu\/wp-content\/uploads\/2024\/09\/Panorama-La-Magnier-Lachat-Charvin.jpeg?resize=18%2C7&amp;ssl=1 18w, https:\/\/i0.wp.com\/www.lacombe-a-laigle.eu\/wp-content\/uploads\/2024\/09\/Panorama-La-Magnier-Lachat-Charvin.jpeg?w=1080&amp;ssl=1 1080w\" sizes=\"auto, (max-width: 688px) 100vw, 688px\" \/><\/figure>\n\n\n\n<p><strong>in Summer<\/strong>, explore the vast ski area of Crest-Voland and the Espace Diamant, or enjoy the beautiful Nordic ski trails of Les Saisies, an Olympic site from the Albertville Games. You can also take advantage of numerous hiking trails, whether on foot or snowshoeing, for a complete immersion in a magical snowy landscape.<\/p>\n\n\n\n<figure class=\"wp-block-image alignwide size-full\"><img data-recalc-dims=\"1\" loading=\"lazy\" decoding=\"async\" width=\"688\" height=\"276\" data-attachment-id=\"701\" data-permalink=\"https:\/\/www.lacombe-a-laigle.eu\/en\/accueil\/default-6\/\" data-orig-file=\"https:\/\/i0.wp.com\/www.lacombe-a-laigle.eu\/wp-content\/uploads\/2024\/09\/Panorama-ete-La-Magnier-Lachat-Charvin.jpeg?fit=1080%2C433&amp;ssl=1\" data-orig-size=\"1080,433\" data-comments-opened=\"1\" data-image-meta=\"{&quot;aperture&quot;:&quot;2.8&quot;,&quot;credit&quot;:&quot;&quot;,&quot;camera&quot;:&quot;FC3170&quot;,&quot;caption&quot;:&quot;default&quot;,&quot;created_timestamp&quot;:&quot;1692285992&quot;,&quot;copyright&quot;:&quot;&quot;,&quot;focal_length&quot;:&quot;4.5&quot;,&quot;iso&quot;:&quot;100&quot;,&quot;shutter_speed&quot;:&quot;0.001&quot;,&quot;title&quot;:&quot;default&quot;,&quot;orientation&quot;:&quot;1&quot;}\" data-image-title=\"default\" data-image-description=\"&lt;p&gt;Panorama d&amp;rsquo;\u00e9t\u00e9 sur le Magnier avec vue sur le Mont-Lachat, la cha\u00eene des Aravis et le Mont-Charvin&lt;\/p&gt;\" data-image-caption=\"&lt;p&gt;default&lt;\/p&gt;\" data-large-file=\"https:\/\/i0.wp.com\/www.lacombe-a-laigle.eu\/wp-content\/uploads\/2024\/09\/Panorama-ete-La-Magnier-Lachat-Charvin.jpeg?fit=688%2C276&amp;ssl=1\" src=\"https:\/\/i0.wp.com\/www.lacombe-a-laigle.eu\/wp-content\/uploads\/2024\/09\/Panorama-ete-La-Magnier-Lachat-Charvin.jpeg?resize=688%2C276&#038;ssl=1\" alt=\"Panorama d'\u00e9t\u00e9 sur le Magnier avec vue sur le Mont-Lachat, la cha\u00eene des Aravis et le Mont-Charvin\" class=\"wp-image-701\" srcset=\"https:\/\/i0.wp.com\/www.lacombe-a-laigle.eu\/wp-content\/uploads\/2024\/09\/Panorama-ete-La-Magnier-Lachat-Charvin.jpeg?w=1080&amp;ssl=1 1080w, https:\/\/i0.wp.com\/www.lacombe-a-laigle.eu\/wp-content\/uploads\/2024\/09\/Panorama-ete-La-Magnier-Lachat-Charvin.jpeg?resize=300%2C120&amp;ssl=1 300w, https:\/\/i0.wp.com\/www.lacombe-a-laigle.eu\/wp-content\/uploads\/2024\/09\/Panorama-ete-La-Magnier-Lachat-Charvin.jpeg?resize=1024%2C411&amp;ssl=1 1024w, https:\/\/i0.wp.com\/www.lacombe-a-laigle.eu\/wp-content\/uploads\/2024\/09\/Panorama-ete-La-Magnier-Lachat-Charvin.jpeg?resize=768%2C308&amp;ssl=1 768w, https:\/\/i0.wp.com\/www.lacombe-a-laigle.eu\/wp-content\/uploads\/2024\/09\/Panorama-ete-La-Magnier-Lachat-Charvin.jpeg?resize=18%2C7&amp;ssl=1 18w\" sizes=\"auto, (max-width: 688px) 100vw, 688px\" \/><\/figure>\n\n\n\n<p>We are delighted to welcome you and hope that your stay at Chalet La Combe \u00e0 l\u2019Aigle will be filled with enjoyment, comfort, and discovery.<\/p>","protected":false},"excerpt":{"rendered":"<p>Un havre de paix nich\u00e9 dans le charmant village de Crest-Voland, au c\u0153ur du Val d\u2019Arly, entre les majestueuses cha\u00eenes&hellip;<\/p>","protected":false},"author":1,"featured_media":0,"parent":0,"menu_order":0,"comment_status":"closed","ping_status":"closed","template":"","meta":{"advanced_seo_description":"","jetpack_seo_html_title":"","jetpack_seo_noindex":false,"jetpack_post_was_ever_published":false,"footnotes":""},"class_list":["post-7","page","type-page","status-publish","hentry"],"jetpack_sharing_enabled":true,"jetpack_shortlink":"https:\/\/wp.me\/P5ohFx-7","jetpack-related-posts":[],"jetpack_likes_enabled":true,"_links":{"self":[{"href":"https:\/\/www.lacombe-a-laigle.eu\/en\/wp-json\/wp\/v2\/pages\/7","targetHints":{"allow":["GET"]}}],"collection":[{"href":"https:\/\/www.lacombe-a-laigle.eu\/en\/wp-json\/wp\/v2\/pages"}],"about":[{"href":"https:\/\/www.lacombe-a-laigle.eu\/en\/wp-json\/wp\/v2\/types\/page"}],"author":[{"embeddable":true,"href":"https:\/\/www.lacombe-a-laigle.eu\/en\/wp-json\/wp\/v2\/users\/1"}],"replies":[{"embeddable":true,"href":"https:\/\/www.lacombe-a-laigle.eu\/en\/wp-json\/wp\/v2\/comments?post=7"}],"version-history":[{"count":15,"href":"https:\/\/www.lacombe-a-laigle.eu\/en\/wp-json\/wp\/v2\/pages\/7\/revisions"}],"predecessor-version":[{"id":708,"href":"https:\/\/www.lacombe-a-laigle.eu\/en\/wp-json\/wp\/v2\/pages\/7\/revisions\/708"}],"wp:attachment":[{"href":"https:\/\/www.lacombe-a-laigle.eu\/en\/wp-json\/wp\/v2\/media?parent=7"}],"curies":[{"name":"wp","href":"https:\/\/api.w.org\/{rel}","templated":true}]}}