{"id":183,"date":"2019-08-10T13:47:53","date_gmt":"2019-08-10T11:47:53","guid":{"rendered":"http:\/\/www.lacombe-a-laigle.eu\/?page_id=183"},"modified":"2019-08-10T13:47:53","modified_gmt":"2019-08-10T11:47:53","slug":"activites","status":"publish","type":"page","link":"https:\/\/www.lacombe-a-laigle.eu\/fr\/activites\/","title":{"rendered":"Activit\u00e9s"},"content":{"rendered":"<p>Nous vous partageons nos exp\u00e9riences d\u2019activit\u00e9s et de visites de la r\u00e9gions. N\u2019h\u00e9sitez pas \u00e0 nous faire part de vos suggestions en fonction de vos d\u00e9couverts.<\/p>\n","protected":false},"excerpt":{"rendered":"<p>Nous vous partageons nos exp\u00e9riences d\u2019activit\u00e9s et de visites de la r\u00e9gions. N\u2019h\u00e9sitez pas \u00e0 nous faire part de vos&hellip;<\/p>\n","protected":false},"author":1,"featured_media":0,"parent":0,"menu_order":0,"comment_status":"closed","ping_status":"closed","template":"","meta":{"advanced_seo_description":"","jetpack_seo_html_title":"","jetpack_seo_noindex":false,"jetpack_post_was_ever_published":false,"footnotes":""},"class_list":["post-183","page","type-page","status-publish","hentry"],"jetpack_sharing_enabled":true,"jetpack_shortlink":"https:\/\/wp.me\/P5ohFx-2X","jetpack-related-posts":[],"jetpack_likes_enabled":true,"_links":{"self":[{"href":"https:\/\/www.lacombe-a-laigle.eu\/fr\/wp-json\/wp\/v2\/pages\/183","targetHints":{"allow":["GET"]}}],"collection":[{"href":"https:\/\/www.lacombe-a-laigle.eu\/fr\/wp-json\/wp\/v2\/pages"}],"about":[{"href":"https:\/\/www.lacombe-a-laigle.eu\/fr\/wp-json\/wp\/v2\/types\/page"}],"author":[{"embeddable":true,"href":"https:\/\/www.lacombe-a-laigle.eu\/fr\/wp-json\/wp\/v2\/users\/1"}],"replies":[{"embeddable":true,"href":"https:\/\/www.lacombe-a-laigle.eu\/fr\/wp-json\/wp\/v2\/comments?post=183"}],"version-history":[{"count":1,"href":"https:\/\/www.lacombe-a-laigle.eu\/fr\/wp-json\/wp\/v2\/pages\/183\/revisions"}],"predecessor-version":[{"id":184,"href":"https:\/\/www.lacombe-a-laigle.eu\/fr\/wp-json\/wp\/v2\/pages\/183\/revisions\/184"}],"wp:attachment":[{"href":"https:\/\/www.lacombe-a-laigle.eu\/fr\/wp-json\/wp\/v2\/media?parent=183"}],"curies":[{"name":"wp","href":"https:\/\/api.w.org\/{rel}","templated":true}]}}