{"id":8,"date":"2019-02-20T10:59:52","date_gmt":"2019-02-20T09:59:52","guid":{"rendered":"http:\/\/www.lacombe-a-laigle.eu\/?page_id=8"},"modified":"2024-09-22T22:59:50","modified_gmt":"2024-09-22T20:59:50","slug":"le-chalet","status":"publish","type":"page","link":"https:\/\/www.lacombe-a-laigle.eu\/fr\/le-chalet\/","title":{"rendered":"La Combe \u00e0 l\u2019Aigle"},"content":{"rendered":"\n<div class=\"wp-block-columns is-layout-flex wp-container-core-columns-is-layout-9d6595d7 wp-block-columns-is-layout-flex\">\n<div class=\"wp-block-column is-vertically-aligned-center is-layout-flow wp-block-column-is-layout-flow\">\n<p>La Combe \u00e0 l\u2019Aigle est un chalet familial construit en 1997. Il allie charme traditionnel et \u00e9quipements modernes. Nous l\u2019avons \u00e9quip\u00e9 confortablement afin de pouvoir profiter des plaisirs de la montagne en toute saison.<\/p>\n\n\n\n<p>Chaque espace du chalet a \u00e9t\u00e9 pens\u00e9 pour votre confort et votre bien-\u00eatre, cr\u00e9ant une atmosph\u00e8re accueillante et chaleureuse qui vous fera vous sentir comme chez vous d\u00e8s votre arriv\u00e9e. Il permet d\u2019accueillir 11 personnes et s&rsquo;organise autour de 3 niveaux.<\/p>\n<\/div>\n\n\n\n<div class=\"wp-block-column is-vertically-aligned-center is-layout-flow wp-block-column-is-layout-flow\"><div class=\"wp-block-image\">\n<figure class=\"aligncenter size-primer-hero\"><img data-recalc-dims=\"1\" loading=\"lazy\" decoding=\"async\" width=\"688\" height=\"373\" data-attachment-id=\"710\" data-permalink=\"https:\/\/www.lacombe-a-laigle.eu\/fr\/le-chalet\/img_0028\/\" data-orig-file=\"https:\/\/i0.wp.com\/www.lacombe-a-laigle.eu\/wp-content\/uploads\/2024\/09\/IMG_0028-scaled.jpeg?fit=2560%2C1920&amp;ssl=1\" data-orig-size=\"2560,1920\" data-comments-opened=\"1\" data-image-meta=\"{&quot;aperture&quot;:&quot;1.8&quot;,&quot;credit&quot;:&quot;&quot;,&quot;camera&quot;:&quot;iPad Pro (12.9-inch) (3rd generation)&quot;,&quot;caption&quot;:&quot;&quot;,&quot;created_timestamp&quot;:&quot;1658411881&quot;,&quot;copyright&quot;:&quot;&quot;,&quot;focal_length&quot;:&quot;3&quot;,&quot;iso&quot;:&quot;16&quot;,&quot;shutter_speed&quot;:&quot;0.00065189048239896&quot;,&quot;title&quot;:&quot;&quot;,&quot;orientation&quot;:&quot;1&quot;}\" data-image-title=\"IMG_0028\" data-image-description=\"\" data-image-caption=\"&lt;p&gt;Ap\u00e9ritif sur la terrasse&lt;\/p&gt;\n\" data-large-file=\"https:\/\/i0.wp.com\/www.lacombe-a-laigle.eu\/wp-content\/uploads\/2024\/09\/IMG_0028-scaled.jpeg?fit=688%2C516&amp;ssl=1\" src=\"https:\/\/i0.wp.com\/www.lacombe-a-laigle.eu\/wp-content\/uploads\/2024\/09\/IMG_0028.jpeg?resize=688%2C373&#038;ssl=1\" alt=\"\" class=\"wp-image-710\"\/><\/figure><\/div><\/div>\n<\/div>\n\n\n\n<ul class=\"wp-block-list\">\n<li><strong>Le Salon<\/strong> : Un espace chaleureux avec une grande chemin\u00e9e ouverte sur 4 c\u00f4t\u00e9s, id\u00e9al pour se retrouver et se  d\u00e9tendre apr\u00e8s une journ\u00e9e d\u2019aventure en montagne.<\/li>\n\n\n\n<li><strong>La Salle \u00e0 Manger<\/strong> : Spacieuse et lumineuse, parfaite pour des repas en famille ou entre amis, avec une grande table d&rsquo;abbaye en bois massif.<\/li>\n\n\n\n<li><strong>La Cuisine<\/strong> : Enti\u00e8rement \u00e9quip\u00e9e, elle invite \u00e0 la pr\u00e9paration de repas conviviaux avec vue sur les montagnes.<\/li>\n\n\n\n<li><strong>Les Chambres<\/strong> : Chacune d\u00e9cor\u00e9e dans un style alpin traditionnel, offrant confort et tranquillit\u00e9 pour des nuits reposantes.\n<ul class=\"wp-block-list\">\n<li>Mont-Charvin : un grand lit double<\/li>\n\n\n\n<li>Aravis : deux lits superpos\u00e9s<\/li>\n\n\n\n<li>Mont-Rond : un lit double<\/li>\n\n\n\n<li>Lachat : un lit simple et deux lits superpos\u00e9s<\/li>\n\n\n\n<li>Mont-Blanc : un grand lit double<\/li>\n<\/ul>\n<\/li>\n\n\n\n<li><strong>Terrasses et Balcons<\/strong> : Un espace ext\u00e9rieur avec vue panoramique, parfait pour profiter du soleil en \u00e9t\u00e9, y passer le temps d&rsquo;un ap\u00e9ritif ou d&rsquo;un repas ou encore admirer les alpages et montagnes alentours.<\/li>\n<\/ul>\n\n\n\n<p><\/p>\n\n\n\n<p><\/p>\n\n\n\n<div class=\"wp-block-jetpack-tiled-gallery aligncenter is-style-rectangular\"><div class=\"\"><div class=\"tiled-gallery__gallery\"><div class=\"tiled-gallery__row\"><div class=\"tiled-gallery__col\" style=\"flex-basis:50.00000%\"><figure class=\"tiled-gallery__item\"><img decoding=\"async\" data-attachment-id=\"113\" data-permalink=\"https:\/\/www.lacombe-a-laigle.eu\/fr\/cf041739-3b9e-4b95-8bdb-ba9ff3c409c6-1\/\" data-orig-file=\"https:\/\/i0.wp.com\/www.lacombe-a-laigle.eu\/wp-content\/uploads\/2019\/08\/cf041739-3b9e-4b95-8bdb-ba9ff3c409c6-1.jpg?fit=4032%2C3024&amp;ssl=1\" data-orig-size=\"4032,3024\" data-comments-opened=\"1\" data-image-meta=\"{&quot;aperture&quot;:&quot;2.2&quot;,&quot;credit&quot;:&quot;&quot;,&quot;camera&quot;:&quot;iPhone 6s&quot;,&quot;caption&quot;:&quot;&quot;,&quot;created_timestamp&quot;:&quot;1478951701&quot;,&quot;copyright&quot;:&quot;&quot;,&quot;focal_length&quot;:&quot;4.15&quot;,&quot;iso&quot;:&quot;25&quot;,&quot;shutter_speed&quot;:&quot;0.00023399999593043&quot;,&quot;title&quot;:&quot;&quot;,&quot;orientation&quot;:&quot;1&quot;}\" data-image-title=\"La Combe \u00e0 l\u2019Aigle sous la neige\" data-image-description=\"\" data-image-caption=\"&lt;p&gt;La Combe \u00e0 l\u2019Aigle en version hiver&lt;\/p&gt;\n\" data-large-file=\"https:\/\/i0.wp.com\/www.lacombe-a-laigle.eu\/wp-content\/uploads\/2019\/08\/cf041739-3b9e-4b95-8bdb-ba9ff3c409c6-1.jpg?fit=688%2C516&amp;ssl=1\" data-attachment-id=\"113\" data-permalink=\"https:\/\/www.lacombe-a-laigle.eu\/fr\/cf041739-3b9e-4b95-8bdb-ba9ff3c409c6-1\/\" data-orig-file=\"https:\/\/i0.wp.com\/www.lacombe-a-laigle.eu\/wp-content\/uploads\/2019\/08\/cf041739-3b9e-4b95-8bdb-ba9ff3c409c6-1.jpg?fit=4032%2C3024&amp;ssl=1\" data-orig-size=\"4032,3024\" data-comments-opened=\"1\" data-image-meta=\"{&quot;aperture&quot;:&quot;2.2&quot;,&quot;credit&quot;:&quot;&quot;,&quot;camera&quot;:&quot;iPhone 6s&quot;,&quot;caption&quot;:&quot;&quot;,&quot;created_timestamp&quot;:&quot;1478951701&quot;,&quot;copyright&quot;:&quot;&quot;,&quot;focal_length&quot;:&quot;4.15&quot;,&quot;iso&quot;:&quot;25&quot;,&quot;shutter_speed&quot;:&quot;0.00023399999593043&quot;,&quot;title&quot;:&quot;&quot;,&quot;orientation&quot;:&quot;1&quot;}\" data-image-title=\"La Combe \u00e0 l\u2019Aigle sous la neige\" data-image-description=\"\" data-image-caption=\"&lt;p&gt;La Combe \u00e0 l\u2019Aigle en version hiver&lt;\/p&gt;\n\" data-large-file=\"https:\/\/i0.wp.com\/www.lacombe-a-laigle.eu\/wp-content\/uploads\/2019\/08\/cf041739-3b9e-4b95-8bdb-ba9ff3c409c6-1.jpg?fit=688%2C516&amp;ssl=1\" role=\"button\" tabindex=\"0\" aria-label=\"Ouvrir l\u2019image 1 sur 2 en plein \u00e9cran\"srcset=\"https:\/\/i2.wp.com\/www.lacombe-a-laigle.eu\/wp-content\/uploads\/2019\/08\/cf041739-3b9e-4b95-8bdb-ba9ff3c409c6-1-1024x768.jpg?strip=info&#038;w=600&#038;ssl=1 600w,https:\/\/i2.wp.com\/www.lacombe-a-laigle.eu\/wp-content\/uploads\/2019\/08\/cf041739-3b9e-4b95-8bdb-ba9ff3c409c6-1-1024x768.jpg?strip=info&#038;w=900&#038;ssl=1 900w,https:\/\/i2.wp.com\/www.lacombe-a-laigle.eu\/wp-content\/uploads\/2019\/08\/cf041739-3b9e-4b95-8bdb-ba9ff3c409c6-1-1024x768.jpg?strip=info&#038;w=1200&#038;ssl=1 1200w,https:\/\/i2.wp.com\/www.lacombe-a-laigle.eu\/wp-content\/uploads\/2019\/08\/cf041739-3b9e-4b95-8bdb-ba9ff3c409c6-1-1024x768.jpg?strip=info&#038;w=1500&#038;ssl=1 1500w,https:\/\/i2.wp.com\/www.lacombe-a-laigle.eu\/wp-content\/uploads\/2019\/08\/cf041739-3b9e-4b95-8bdb-ba9ff3c409c6-1-1024x768.jpg?strip=info&#038;w=1800&#038;ssl=1 1800w,https:\/\/i2.wp.com\/www.lacombe-a-laigle.eu\/wp-content\/uploads\/2019\/08\/cf041739-3b9e-4b95-8bdb-ba9ff3c409c6-1-1024x768.jpg?strip=info&#038;w=2000&#038;ssl=1 2000w\" alt=\"\" data-height=\"3024\" data-id=\"113\" data-link=\"https:\/\/www.lacombe-a-laigle.eu\/cf041739-3b9e-4b95-8bdb-ba9ff3c409c6-1\/\" data-url=\"https:\/\/www.lacombe-a-laigle.eu\/wp-content\/uploads\/2019\/08\/cf041739-3b9e-4b95-8bdb-ba9ff3c409c6-1-1024x768.jpg\" data-width=\"4032\" src=\"https:\/\/i2.wp.com\/www.lacombe-a-laigle.eu\/wp-content\/uploads\/2019\/08\/cf041739-3b9e-4b95-8bdb-ba9ff3c409c6-1-1024x768.jpg?ssl=1\" data-amp-layout=\"responsive\" tabindex=\"0\" role=\"button\" aria-label=\"Ouvrir l\u2019image 1 sur 2 en plein \u00e9cran\"\/><\/figure><\/div><div class=\"tiled-gallery__col\" style=\"flex-basis:50.00000%\"><figure class=\"tiled-gallery__item\"><img decoding=\"async\" data-attachment-id=\"837\" data-permalink=\"https:\/\/www.lacombe-a-laigle.eu\/fr\/img_4446\/\" data-orig-file=\"https:\/\/i0.wp.com\/www.lacombe-a-laigle.eu\/wp-content\/uploads\/2024\/09\/IMG_4446-scaled.jpeg?fit=2560%2C1920&amp;ssl=1\" data-orig-size=\"2560,1920\" data-comments-opened=\"1\" data-image-meta=\"{&quot;aperture&quot;:&quot;1.8&quot;,&quot;credit&quot;:&quot;&quot;,&quot;camera&quot;:&quot;iPhone XS&quot;,&quot;caption&quot;:&quot;&quot;,&quot;created_timestamp&quot;:&quot;1566576693&quot;,&quot;copyright&quot;:&quot;&quot;,&quot;focal_length&quot;:&quot;4.25&quot;,&quot;iso&quot;:&quot;25&quot;,&quot;shutter_speed&quot;:&quot;0.00067114093959732&quot;,&quot;title&quot;:&quot;&quot;,&quot;orientation&quot;:&quot;1&quot;}\" data-image-title=\"IMG_4446\" data-image-description=\"\" data-image-caption=\"\" data-large-file=\"https:\/\/i0.wp.com\/www.lacombe-a-laigle.eu\/wp-content\/uploads\/2024\/09\/IMG_4446-scaled.jpeg?fit=688%2C516&amp;ssl=1\" data-attachment-id=\"837\" data-permalink=\"https:\/\/www.lacombe-a-laigle.eu\/fr\/img_4446\/\" data-orig-file=\"https:\/\/i0.wp.com\/www.lacombe-a-laigle.eu\/wp-content\/uploads\/2024\/09\/IMG_4446-scaled.jpeg?fit=2560%2C1920&amp;ssl=1\" data-orig-size=\"2560,1920\" data-comments-opened=\"1\" data-image-meta=\"{&quot;aperture&quot;:&quot;1.8&quot;,&quot;credit&quot;:&quot;&quot;,&quot;camera&quot;:&quot;iPhone XS&quot;,&quot;caption&quot;:&quot;&quot;,&quot;created_timestamp&quot;:&quot;1566576693&quot;,&quot;copyright&quot;:&quot;&quot;,&quot;focal_length&quot;:&quot;4.25&quot;,&quot;iso&quot;:&quot;25&quot;,&quot;shutter_speed&quot;:&quot;0.00067114093959732&quot;,&quot;title&quot;:&quot;&quot;,&quot;orientation&quot;:&quot;1&quot;}\" data-image-title=\"IMG_4446\" data-image-description=\"\" data-image-caption=\"\" data-large-file=\"https:\/\/i0.wp.com\/www.lacombe-a-laigle.eu\/wp-content\/uploads\/2024\/09\/IMG_4446-scaled.jpeg?fit=688%2C516&amp;ssl=1\" role=\"button\" tabindex=\"0\" aria-label=\"Ouvrir l\u2019image 2 sur 2 en plein \u00e9cran\"srcset=\"https:\/\/i0.wp.com\/www.lacombe-a-laigle.eu\/wp-content\/uploads\/2024\/09\/IMG_4446-1024x768.jpeg?strip=info&#038;w=600&#038;ssl=1 600w,https:\/\/i0.wp.com\/www.lacombe-a-laigle.eu\/wp-content\/uploads\/2024\/09\/IMG_4446-1024x768.jpeg?strip=info&#038;w=900&#038;ssl=1 900w,https:\/\/i0.wp.com\/www.lacombe-a-laigle.eu\/wp-content\/uploads\/2024\/09\/IMG_4446-1024x768.jpeg?strip=info&#038;w=1200&#038;ssl=1 1200w,https:\/\/i0.wp.com\/www.lacombe-a-laigle.eu\/wp-content\/uploads\/2024\/09\/IMG_4446-1024x768.jpeg?strip=info&#038;w=1500&#038;ssl=1 1500w,https:\/\/i0.wp.com\/www.lacombe-a-laigle.eu\/wp-content\/uploads\/2024\/09\/IMG_4446-1024x768.jpeg?strip=info&#038;w=1800&#038;ssl=1 1800w,https:\/\/i0.wp.com\/www.lacombe-a-laigle.eu\/wp-content\/uploads\/2024\/09\/IMG_4446-1024x768.jpeg?strip=info&#038;w=2000&#038;ssl=1 2000w\" alt=\"\" data-height=\"1920\" data-id=\"837\" data-link=\"https:\/\/www.lacombe-a-laigle.eu\/img_4446\/\" data-url=\"https:\/\/www.lacombe-a-laigle.eu\/wp-content\/uploads\/2024\/09\/IMG_4446-1024x768.jpeg\" data-width=\"2560\" src=\"https:\/\/i0.wp.com\/www.lacombe-a-laigle.eu\/wp-content\/uploads\/2024\/09\/IMG_4446-1024x768.jpeg?ssl=1\" data-amp-layout=\"responsive\" tabindex=\"0\" role=\"button\" aria-label=\"Ouvrir l\u2019image 2 sur 2 en plein \u00e9cran\"\/><\/figure><\/div><\/div><\/div><\/div><\/div>\n\n\n\n<p><\/p>\n\n\n\n<p><\/p>\n","protected":false},"excerpt":{"rendered":"<p>La Combe \u00e0 l\u2019Aigle est un chalet familial construit en 1997. Il allie charme traditionnel et \u00e9quipements modernes. Nous l\u2019avons&hellip;<\/p>\n","protected":false},"author":1,"featured_media":40,"parent":0,"menu_order":0,"comment_status":"closed","ping_status":"closed","template":"","meta":{"advanced_seo_description":"","jetpack_seo_html_title":"","jetpack_seo_noindex":false,"jetpack_post_was_ever_published":false,"footnotes":""},"class_list":["post-8","page","type-page","status-publish","has-post-thumbnail","hentry"],"jetpack_sharing_enabled":true,"jetpack_shortlink":"https:\/\/wp.me\/P5ohFx-8","jetpack-related-posts":[],"jetpack_likes_enabled":true,"_links":{"self":[{"href":"https:\/\/www.lacombe-a-laigle.eu\/fr\/wp-json\/wp\/v2\/pages\/8","targetHints":{"allow":["GET"]}}],"collection":[{"href":"https:\/\/www.lacombe-a-laigle.eu\/fr\/wp-json\/wp\/v2\/pages"}],"about":[{"href":"https:\/\/www.lacombe-a-laigle.eu\/fr\/wp-json\/wp\/v2\/types\/page"}],"author":[{"embeddable":true,"href":"https:\/\/www.lacombe-a-laigle.eu\/fr\/wp-json\/wp\/v2\/users\/1"}],"replies":[{"embeddable":true,"href":"https:\/\/www.lacombe-a-laigle.eu\/fr\/wp-json\/wp\/v2\/comments?post=8"}],"version-history":[{"count":22,"href":"https:\/\/www.lacombe-a-laigle.eu\/fr\/wp-json\/wp\/v2\/pages\/8\/revisions"}],"predecessor-version":[{"id":871,"href":"https:\/\/www.lacombe-a-laigle.eu\/fr\/wp-json\/wp\/v2\/pages\/8\/revisions\/871"}],"wp:featuredmedia":[{"embeddable":true,"href":"https:\/\/www.lacombe-a-laigle.eu\/fr\/wp-json\/wp\/v2\/media\/40"}],"wp:attachment":[{"href":"https:\/\/www.lacombe-a-laigle.eu\/fr\/wp-json\/wp\/v2\/media?parent=8"}],"curies":[{"name":"wp","href":"https:\/\/api.w.org\/{rel}","templated":true}]}}