{"id":9,"date":"2019-02-20T10:59:52","date_gmt":"2019-02-20T09:59:52","guid":{"rendered":"http:\/\/www.lacombe-a-laigle.eu\/?page_id=9"},"modified":"2024-09-26T12:54:54","modified_gmt":"2024-09-26T10:54:54","slug":"contact","status":"publish","type":"page","link":"https:\/\/www.lacombe-a-laigle.eu\/fr\/contact\/","title":{"rendered":"Contact"},"content":{"rendered":"\n<p>Pour de plus amples informations :<\/p>\n\n\n\n<p>Fr\u00e9d\u00e9ric Mallefait<\/p>\n\n\n\n<p class=\"popmake-400\">Cliquez pour <span class=\"popup-trigger popmake-400\" data-popup-id=\"400\" data-do-default=\"0\">Afficher l&rsquo;adresse mail de contact et le num\u00e9ro de t\u00e9l\u00e9phone<\/span><\/p>\n\n\n<style type=\"text\/css\" id=\"umsMapStyles_1_2349\">\r\n    #ultimate_maps_1_2349 {\r\n        width: 100%;\r\n        height: 250px;\r\n                border: 0px solid ;\r\n        margin: 0px;\r\n    }\r\n    #mapsControlsNum_1_2349 {\r\n        width:100%    }\r\n    .umsMapDetailsContainer#umsMapDetailsContainer_1_2349 {\r\n        height:250px;\r\n    }\r\n    .ums_MapPreview#ultimate_maps_1_2349 {\r\n        \/*position:absolute;*\/\r\n        width:100%;\r\n    }\r\n    #mapConElem_1_2349{\r\n        width:100%    }\r\n    <\/style><div class=\"ums_map_opts\" id=\"mapConElem_1_2349\" data-id=\"1\" data-view-id=\"1_2349\" > <div class=\"umsMapDetailsContainer\" id=\"umsMapDetailsContainer_1_2349\"> <i class=\"umsKMLLayersPreloader fa fa-spinner fa-spin\" aria-hidden=\"true\" style=\"display: none;\"><\/i> <div class=\"ums_MapPreview \" id=\"ultimate_maps_1_2349\"><\/div> <\/div> <div class=\"umsMapMarkerFilters\" id=\"umsMapMarkerFilters_1_2349\"> <\/div> <div class=\"umsMapProControlsCon\" id=\"umsMapProControlsCon_1_2349\"> <a title=\"WordPress Map Plugin\" style=\"display:none;\" href=\"https:\/\/supsystic.com\/plugins\/google-maps-plugin\/?utm_medium=love_link_hide\" target=\"_blank\">WordPress Map Plugin<\/a><div style=\"clear: both;\"><\/div> <\/div> <div class=\"umsMapProDirectionsCon\" id=\"umsMapProDirectionsCon_1_2349\" > <\/div> <div class=\"umsMapProKmlFilterCon\" id=\"umsMapProKmlFilterCon_1_2349\" > <\/div> <div class=\"umsSocialSharingShell umsSocialSharingShell_1_2349\"> <\/div> <div style=\"clear: both;\"><\/div> <\/div>\n\n\n\n<h2 class=\"wp-block-heading\">Nous contacter directement<\/h2>\n\n\n<div class=\"wp-block-jetpack-contact-form is-layout-flex wp-container-jetpack-contact-form-is-layout-026b38f8 wp-block-contact-form-is-layout-flex\"><a href=\"https:\/\/www.lacombe-a-laigle.eu\/fr\/contact\/\" target=\"_blank\" rel=\"noopener noreferrer\">Soumettre un formulaire.<\/a><\/div>\n\n\n<p><\/p>\n","protected":false},"excerpt":{"rendered":"<p>Pour de plus amples informations : Fr\u00e9d\u00e9ric Mallefait Cliquez pour Afficher l&rsquo;adresse mail de contact et le num\u00e9ro de t\u00e9l\u00e9phone&hellip;<\/p>\n","protected":false},"author":1,"featured_media":37,"parent":0,"menu_order":0,"comment_status":"closed","ping_status":"closed","template":"","meta":{"advanced_seo_description":"","jetpack_seo_html_title":"","jetpack_seo_noindex":false,"jetpack_post_was_ever_published":false,"footnotes":""},"class_list":["post-9","page","type-page","status-publish","has-post-thumbnail","hentry"],"jetpack_sharing_enabled":true,"jetpack_shortlink":"https:\/\/wp.me\/P5ohFx-9","jetpack-related-posts":[],"jetpack_likes_enabled":true,"_links":{"self":[{"href":"https:\/\/www.lacombe-a-laigle.eu\/fr\/wp-json\/wp\/v2\/pages\/9","targetHints":{"allow":["GET"]}}],"collection":[{"href":"https:\/\/www.lacombe-a-laigle.eu\/fr\/wp-json\/wp\/v2\/pages"}],"about":[{"href":"https:\/\/www.lacombe-a-laigle.eu\/fr\/wp-json\/wp\/v2\/types\/page"}],"author":[{"embeddable":true,"href":"https:\/\/www.lacombe-a-laigle.eu\/fr\/wp-json\/wp\/v2\/users\/1"}],"replies":[{"embeddable":true,"href":"https:\/\/www.lacombe-a-laigle.eu\/fr\/wp-json\/wp\/v2\/comments?post=9"}],"version-history":[{"count":21,"href":"https:\/\/www.lacombe-a-laigle.eu\/fr\/wp-json\/wp\/v2\/pages\/9\/revisions"}],"predecessor-version":[{"id":875,"href":"https:\/\/www.lacombe-a-laigle.eu\/fr\/wp-json\/wp\/v2\/pages\/9\/revisions\/875"}],"wp:featuredmedia":[{"embeddable":true,"href":"https:\/\/www.lacombe-a-laigle.eu\/fr\/wp-json\/wp\/v2\/media\/37"}],"wp:attachment":[{"href":"https:\/\/www.lacombe-a-laigle.eu\/fr\/wp-json\/wp\/v2\/media?parent=9"}],"curies":[{"name":"wp","href":"https:\/\/api.w.org\/{rel}","templated":true}]}}